{"id":34,"date":"2021-01-08T20:37:46","date_gmt":"2021-01-08T19:37:46","guid":{"rendered":"https:\/\/lodge1854com.wpcomstaging.com\/?page_id=34"},"modified":"2024-05-13T13:08:06","modified_gmt":"2024-05-13T11:08:06","slug":"garden-outside","status":"publish","type":"page","link":"https:\/\/lodge1854.com\/de\/garden-outside\/","title":{"rendered":"Garten &amp; Drau\u00dfen"},"content":{"rendered":"<div class=\"wp-block-columns is-layout-flex wp-container-core-columns-is-layout-8f761849 wp-block-columns-is-layout-flex\">\n<div class=\"wp-block-column is-layout-flow wp-block-column-is-layout-flow\">\n<p>Au\u00dferhalb der Lodge gibt es einen gro\u00dfen Garten, der sich f\u00fcr alle m\u00f6glichen M\u00f6glichkeiten anbietet.<\/p>\n<p>In der Kyll, die sich direkt neben der Lodge befindet, laden verschiedene Sitzgelegenheiten zum Entspannen ein oder Sie k\u00fchlen sich an hei\u00dfen Sommertagen ab.\n\nWenn Sie es lieber nicht m\u00f6chten, gibt es im Garten einen Swimmingpool mit einem Durchmesser von 7,5 Metern mit frischem, klarem Wasser.<\/p>\n<p>Die Lodge verf\u00fcgt au\u00dferdem \u00fcber eine gro\u00dfe Au\u00dfenk\u00fcche, sodass Sie auch drau\u00dfen ein leckeres Essen zubereiten k\u00f6nnen. Wer aber eher Lust auf eine Pizza hat, kann auch den holzbefeuerten Leimstein-Pizzaofen nutzen. Neben der Au\u00dfenk\u00fcche befindet sich ein Kr\u00e4utergarten, um Ihre Mahlzeit oder Pizza mit k\u00f6stlichen frischen Kr\u00e4utern zu versorgen.\nDie Au\u00dfenk\u00fcche verf\u00fcgt \u00fcber eine gro\u00dfe Kochinsel mit Barhockern.<\/p>\n<p>Wer dennoch Lust auf Loungen hat, nimmt auf dem gro\u00dfen Ecksofa Platz, das sich unter dem Baldachin befindet. Hier l\u00e4sst es sich auch abends wunderbar sitzen und ein Glas Wein oder Bier genie\u00dfen.<\/p>\n<\/div>\n<\/div>\n\n\n\n<div class=\"wp-block-group\"><div class=\"wp-block-group__inner-container is-layout-flow wp-block-group-is-layout-flow\"><\/div><\/div>\n\n\n\n<p class=\"wp-block-paragraph\"><\/p>\n\n\n\n<div class=\"wp-block-columns is-layout-flex wp-container-core-columns-is-layout-8f761849 wp-block-columns-is-layout-flex\">\n<div class=\"wp-block-column is-layout-flow wp-block-column-is-layout-flow\" style=\"flex-basis:66.66%\"><\/div>\n\n\n\n<div class=\"wp-block-column is-layout-flow wp-block-column-is-layout-flow\" style=\"flex-basis:33.33%\"><\/div>\n<\/div>\n\n\n\n<p class=\"wp-block-paragraph\"><\/p>\n\n\n\n<div class=\"wp-block-jetpack-tiled-gallery aligncenter\"><div class=\"is-style-rectangular\"><div class=\"tiled-gallery__gallery\"><div class=\"tiled-gallery__row\"><div class=\"tiled-gallery__col\" style=\"flex-basis:33.33333%\"><figure class=\"tiled-gallery__item\"><img decoding=\"async\" data-attachment-id=\"1728\" data-permalink=\"https:\/\/lodge1854.com\/de\/garden-outside\/ja-5\/\" data-orig-file=\"https:\/\/i0.wp.com\/lodge1854.com\/wp-content\/uploads\/2023\/06\/Ja-3.jpg?fit=3024%2C4032&amp;ssl=1\" data-orig-size=\"3024,4032\" data-comments-opened=\"0\" data-image-meta=\"{&quot;aperture&quot;:&quot;1.78&quot;,&quot;credit&quot;:&quot;&quot;,&quot;camera&quot;:&quot;iPhone 14 Pro Max&quot;,&quot;caption&quot;:&quot;&quot;,&quot;created_timestamp&quot;:&quot;1686861382&quot;,&quot;copyright&quot;:&quot;&quot;,&quot;focal_length&quot;:&quot;6.86&quot;,&quot;iso&quot;:&quot;800&quot;,&quot;shutter_speed&quot;:&quot;0.04&quot;,&quot;title&quot;:&quot;&quot;,&quot;orientation&quot;:&quot;1&quot;}\" data-image-title=\"\" data-image-description=\"\" data-image-caption=\"\" data-medium-file=\"https:\/\/i0.wp.com\/lodge1854.com\/wp-content\/uploads\/2023\/06\/Ja-3.jpg?fit=225%2C300&amp;ssl=1\" data-large-file=\"https:\/\/i0.wp.com\/lodge1854.com\/wp-content\/uploads\/2023\/06\/Ja-3.jpg?fit=760%2C1013&amp;ssl=1\" role=\"button\" tabindex=\"0\" aria-label=\"Bild\u00a01 von 9 im Vollbildmodus \u00f6ffnen\" srcset=\"https:\/\/i1.wp.com\/lodge1854.com\/wp-content\/uploads\/2023\/06\/Ja-3-768x1024.jpg?strip=info&#038;w=600&#038;ssl=1 600w,https:\/\/i1.wp.com\/lodge1854.com\/wp-content\/uploads\/2023\/06\/Ja-3-768x1024.jpg?strip=info&#038;w=900&#038;ssl=1 900w,https:\/\/i1.wp.com\/lodge1854.com\/wp-content\/uploads\/2023\/06\/Ja-3-768x1024.jpg?strip=info&#038;w=1200&#038;ssl=1 1200w,https:\/\/i1.wp.com\/lodge1854.com\/wp-content\/uploads\/2023\/06\/Ja-3-768x1024.jpg?strip=info&#038;w=1500&#038;ssl=1 1500w,https:\/\/i1.wp.com\/lodge1854.com\/wp-content\/uploads\/2023\/06\/Ja-3-768x1024.jpg?strip=info&#038;w=1800&#038;ssl=1 1800w,https:\/\/i1.wp.com\/lodge1854.com\/wp-content\/uploads\/2023\/06\/Ja-3-768x1024.jpg?strip=info&#038;w=2000&#038;ssl=1 2000w\" alt=\"\" data-height=\"4032\" data-id=\"1728\" data-link=\"https:\/\/lodge1854com.wpcomstaging.com\/garden-outside\/ja-5\/\" data-url=\"https:\/\/lodge1854com.wpcomstaging.com\/wp-content\/uploads\/2023\/06\/Ja-3-768x1024.jpg\" data-width=\"3024\" src=\"https:\/\/i1.wp.com\/lodge1854.com\/wp-content\/uploads\/2023\/06\/Ja-3-768x1024.jpg?ssl=1\" data-amp-layout=\"responsive\"\/><\/figure><\/div><div class=\"tiled-gallery__col\" style=\"flex-basis:33.33333%\"><figure class=\"tiled-gallery__item\"><img decoding=\"async\" data-attachment-id=\"1727\" data-permalink=\"https:\/\/lodge1854.com\/de\/garden-outside\/ja3-3\/\" data-orig-file=\"https:\/\/i0.wp.com\/lodge1854.com\/wp-content\/uploads\/2023\/06\/ja3-2-rotated.jpg?fit=3024%2C4032&amp;ssl=1\" data-orig-size=\"3024,4032\" data-comments-opened=\"0\" data-image-meta=\"{&quot;aperture&quot;:&quot;1.78&quot;,&quot;credit&quot;:&quot;&quot;,&quot;camera&quot;:&quot;iPhone 14 Pro Max&quot;,&quot;caption&quot;:&quot;&quot;,&quot;created_timestamp&quot;:&quot;1686909581&quot;,&quot;copyright&quot;:&quot;&quot;,&quot;focal_length&quot;:&quot;6.86&quot;,&quot;iso&quot;:&quot;80&quot;,&quot;shutter_speed&quot;:&quot;0.00019000570017101&quot;,&quot;title&quot;:&quot;&quot;,&quot;orientation&quot;:&quot;1&quot;}\" data-image-title=\"\" data-image-description=\"\" data-image-caption=\"\" data-medium-file=\"https:\/\/i0.wp.com\/lodge1854.com\/wp-content\/uploads\/2023\/06\/ja3-2-rotated.jpg?fit=225%2C300&amp;ssl=1\" data-large-file=\"https:\/\/i0.wp.com\/lodge1854.com\/wp-content\/uploads\/2023\/06\/ja3-2-rotated.jpg?fit=760%2C1013&amp;ssl=1\" role=\"button\" tabindex=\"0\" aria-label=\"Bild\u00a02 von 9 im Vollbildmodus \u00f6ffnen\" srcset=\"https:\/\/i1.wp.com\/lodge1854.com\/wp-content\/uploads\/2023\/06\/ja3-2-768x1024.jpg?strip=info&#038;w=600&#038;ssl=1 600w,https:\/\/i1.wp.com\/lodge1854.com\/wp-content\/uploads\/2023\/06\/ja3-2-768x1024.jpg?strip=info&#038;w=900&#038;ssl=1 900w,https:\/\/i1.wp.com\/lodge1854.com\/wp-content\/uploads\/2023\/06\/ja3-2-768x1024.jpg?strip=info&#038;w=1200&#038;ssl=1 1200w,https:\/\/i1.wp.com\/lodge1854.com\/wp-content\/uploads\/2023\/06\/ja3-2-768x1024.jpg?strip=info&#038;w=1500&#038;ssl=1 1500w,https:\/\/i1.wp.com\/lodge1854.com\/wp-content\/uploads\/2023\/06\/ja3-2-768x1024.jpg?strip=info&#038;w=1800&#038;ssl=1 1800w,https:\/\/i1.wp.com\/lodge1854.com\/wp-content\/uploads\/2023\/06\/ja3-2-768x1024.jpg?strip=info&#038;w=2000&#038;ssl=1 2000w\" alt=\"\" data-height=\"4032\" data-id=\"1727\" data-link=\"https:\/\/lodge1854com.wpcomstaging.com\/garden-outside\/ja3-3\/\" data-url=\"https:\/\/lodge1854com.wpcomstaging.com\/wp-content\/uploads\/2023\/06\/ja3-2-768x1024.jpg\" data-width=\"3024\" src=\"https:\/\/i1.wp.com\/lodge1854.com\/wp-content\/uploads\/2023\/06\/ja3-2-768x1024.jpg?ssl=1\" data-amp-layout=\"responsive\"\/><\/figure><\/div><div class=\"tiled-gallery__col\" style=\"flex-basis:33.33333%\"><figure class=\"tiled-gallery__item\"><img decoding=\"async\" data-attachment-id=\"1726\" data-permalink=\"https:\/\/lodge1854.com\/de\/garden-outside\/ja2-2\/\" data-orig-file=\"https:\/\/i0.wp.com\/lodge1854.com\/wp-content\/uploads\/2023\/06\/ja2.jpeg?fit=3024%2C4032&amp;ssl=1\" data-orig-size=\"3024,4032\" data-comments-opened=\"0\" data-image-meta=\"{&quot;aperture&quot;:&quot;1.78&quot;,&quot;credit&quot;:&quot;&quot;,&quot;camera&quot;:&quot;iPhone 14 Pro Max&quot;,&quot;caption&quot;:&quot;&quot;,&quot;created_timestamp&quot;:&quot;1686909533&quot;,&quot;copyright&quot;:&quot;&quot;,&quot;focal_length&quot;:&quot;6.86&quot;,&quot;iso&quot;:&quot;80&quot;,&quot;shutter_speed&quot;:&quot;0.00030797659377887&quot;,&quot;title&quot;:&quot;&quot;,&quot;orientation&quot;:&quot;1&quot;}\" data-image-title=\"\" data-image-description=\"\" data-image-caption=\"\" data-medium-file=\"https:\/\/i0.wp.com\/lodge1854.com\/wp-content\/uploads\/2023\/06\/ja2.jpeg?fit=225%2C300&amp;ssl=1\" data-large-file=\"https:\/\/i0.wp.com\/lodge1854.com\/wp-content\/uploads\/2023\/06\/ja2.jpeg?fit=760%2C1013&amp;ssl=1\" role=\"button\" tabindex=\"0\" aria-label=\"Bild\u00a03 von 9 im Vollbildmodus \u00f6ffnen\" srcset=\"https:\/\/i0.wp.com\/lodge1854.com\/wp-content\/uploads\/2023\/06\/ja2-768x1024.jpeg?strip=info&#038;w=600&#038;ssl=1 600w,https:\/\/i0.wp.com\/lodge1854.com\/wp-content\/uploads\/2023\/06\/ja2-768x1024.jpeg?strip=info&#038;w=900&#038;ssl=1 900w,https:\/\/i0.wp.com\/lodge1854.com\/wp-content\/uploads\/2023\/06\/ja2-768x1024.jpeg?strip=info&#038;w=1200&#038;ssl=1 1200w,https:\/\/i0.wp.com\/lodge1854.com\/wp-content\/uploads\/2023\/06\/ja2-768x1024.jpeg?strip=info&#038;w=1500&#038;ssl=1 1500w,https:\/\/i0.wp.com\/lodge1854.com\/wp-content\/uploads\/2023\/06\/ja2-768x1024.jpeg?strip=info&#038;w=1800&#038;ssl=1 1800w,https:\/\/i0.wp.com\/lodge1854.com\/wp-content\/uploads\/2023\/06\/ja2-768x1024.jpeg?strip=info&#038;w=2000&#038;ssl=1 2000w\" alt=\"\" data-height=\"4032\" data-id=\"1726\" data-link=\"https:\/\/lodge1854com.wpcomstaging.com\/garden-outside\/ja2-2\/\" data-url=\"https:\/\/lodge1854com.wpcomstaging.com\/wp-content\/uploads\/2023\/06\/ja2-768x1024.jpeg\" data-width=\"3024\" src=\"https:\/\/i0.wp.com\/lodge1854.com\/wp-content\/uploads\/2023\/06\/ja2-768x1024.jpeg?ssl=1\" data-amp-layout=\"responsive\"\/><\/figure><\/div><\/div><div class=\"tiled-gallery__row\"><div class=\"tiled-gallery__col\" style=\"flex-basis:63.96477%\"><figure class=\"tiled-gallery__item\"><img decoding=\"async\" data-attachment-id=\"1725\" data-permalink=\"https:\/\/lodge1854.com\/de\/garden-outside\/ja1-4\/\" data-orig-file=\"https:\/\/i0.wp.com\/lodge1854.com\/wp-content\/uploads\/2023\/06\/ja1-1.jpg?fit=4032%2C3024&amp;ssl=1\" data-orig-size=\"4032,3024\" data-comments-opened=\"0\" data-image-meta=\"{&quot;aperture&quot;:&quot;1.78&quot;,&quot;credit&quot;:&quot;&quot;,&quot;camera&quot;:&quot;iPhone 14 Pro Max&quot;,&quot;caption&quot;:&quot;&quot;,&quot;created_timestamp&quot;:&quot;1686909473&quot;,&quot;copyright&quot;:&quot;&quot;,&quot;focal_length&quot;:&quot;6.86&quot;,&quot;iso&quot;:&quot;80&quot;,&quot;shutter_speed&quot;:&quot;0.0003559985760057&quot;,&quot;title&quot;:&quot;&quot;,&quot;orientation&quot;:&quot;1&quot;}\" data-image-title=\"\" data-image-description=\"\" data-image-caption=\"\" data-medium-file=\"https:\/\/i0.wp.com\/lodge1854.com\/wp-content\/uploads\/2023\/06\/ja1-1.jpg?fit=300%2C225&amp;ssl=1\" data-large-file=\"https:\/\/i0.wp.com\/lodge1854.com\/wp-content\/uploads\/2023\/06\/ja1-1.jpg?fit=760%2C570&amp;ssl=1\" role=\"button\" tabindex=\"0\" aria-label=\"Bild\u00a04 von 9 im Vollbildmodus \u00f6ffnen\" srcset=\"https:\/\/i1.wp.com\/lodge1854.com\/wp-content\/uploads\/2023\/06\/ja1-1-1024x768.jpg?strip=info&#038;w=600&#038;ssl=1 600w,https:\/\/i1.wp.com\/lodge1854.com\/wp-content\/uploads\/2023\/06\/ja1-1-1024x768.jpg?strip=info&#038;w=900&#038;ssl=1 900w,https:\/\/i1.wp.com\/lodge1854.com\/wp-content\/uploads\/2023\/06\/ja1-1-1024x768.jpg?strip=info&#038;w=1200&#038;ssl=1 1200w,https:\/\/i1.wp.com\/lodge1854.com\/wp-content\/uploads\/2023\/06\/ja1-1-1024x768.jpg?strip=info&#038;w=1500&#038;ssl=1 1500w,https:\/\/i1.wp.com\/lodge1854.com\/wp-content\/uploads\/2023\/06\/ja1-1-1024x768.jpg?strip=info&#038;w=1800&#038;ssl=1 1800w,https:\/\/i1.wp.com\/lodge1854.com\/wp-content\/uploads\/2023\/06\/ja1-1-1024x768.jpg?strip=info&#038;w=2000&#038;ssl=1 2000w\" alt=\"\" data-height=\"3024\" data-id=\"1725\" data-link=\"https:\/\/lodge1854com.wpcomstaging.com\/garden-outside\/ja1-4\/\" data-url=\"https:\/\/lodge1854com.wpcomstaging.com\/wp-content\/uploads\/2023\/06\/ja1-1-1024x768.jpg\" data-width=\"4032\" src=\"https:\/\/i1.wp.com\/lodge1854.com\/wp-content\/uploads\/2023\/06\/ja1-1-1024x768.jpg?ssl=1\" data-amp-layout=\"responsive\"\/><\/figure><\/div><div class=\"tiled-gallery__col\" style=\"flex-basis:36.03523%\"><figure class=\"tiled-gallery__item\"><img decoding=\"async\" data-attachment-id=\"1451\" data-permalink=\"https:\/\/lodge1854.com\/de\/?attachment_id=1451\" data-orig-file=\"https:\/\/i0.wp.com\/lodge1854.com\/wp-content\/uploads\/2022\/06\/IMG_8817.jpg?fit=3024%2C4032&amp;ssl=1\" data-orig-size=\"3024,4032\" data-comments-opened=\"0\" data-image-meta=\"{&quot;aperture&quot;:&quot;1.8&quot;,&quot;credit&quot;:&quot;&quot;,&quot;camera&quot;:&quot;iPhone XS Max&quot;,&quot;caption&quot;:&quot;&quot;,&quot;created_timestamp&quot;:&quot;1653205693&quot;,&quot;copyright&quot;:&quot;&quot;,&quot;focal_length&quot;:&quot;4.25&quot;,&quot;iso&quot;:&quot;25&quot;,&quot;shutter_speed&quot;:&quot;0.00044306601683651&quot;,&quot;title&quot;:&quot;&quot;,&quot;orientation&quot;:&quot;1&quot;}\" data-image-title=\"\" data-image-description=\"\" data-image-caption=\"\" data-medium-file=\"https:\/\/i0.wp.com\/lodge1854.com\/wp-content\/uploads\/2022\/06\/IMG_8817.jpg?fit=225%2C300&amp;ssl=1\" data-large-file=\"https:\/\/i0.wp.com\/lodge1854.com\/wp-content\/uploads\/2022\/06\/IMG_8817.jpg?fit=760%2C1013&amp;ssl=1\" role=\"button\" tabindex=\"0\" aria-label=\"Bild\u00a05 von 9 im Vollbildmodus \u00f6ffnen\" srcset=\"https:\/\/i1.wp.com\/lodge1854.com\/wp-content\/uploads\/2022\/06\/IMG_8817-768x1024.jpg?strip=info&#038;w=600&#038;ssl=1 600w,https:\/\/i1.wp.com\/lodge1854.com\/wp-content\/uploads\/2022\/06\/IMG_8817-768x1024.jpg?strip=info&#038;w=900&#038;ssl=1 900w,https:\/\/i1.wp.com\/lodge1854.com\/wp-content\/uploads\/2022\/06\/IMG_8817-768x1024.jpg?strip=info&#038;w=1200&#038;ssl=1 1200w,https:\/\/i1.wp.com\/lodge1854.com\/wp-content\/uploads\/2022\/06\/IMG_8817-768x1024.jpg?strip=info&#038;w=1500&#038;ssl=1 1500w,https:\/\/i1.wp.com\/lodge1854.com\/wp-content\/uploads\/2022\/06\/IMG_8817-768x1024.jpg?strip=info&#038;w=1800&#038;ssl=1 1800w,https:\/\/i1.wp.com\/lodge1854.com\/wp-content\/uploads\/2022\/06\/IMG_8817-768x1024.jpg?strip=info&#038;w=2000&#038;ssl=1 2000w\" alt=\"\" data-height=\"4032\" data-id=\"1451\" data-link=\"https:\/\/lodge1854com.wpcomstaging.com\/home\/img_8817\/\" data-url=\"https:\/\/lodge1854com.wpcomstaging.com\/wp-content\/uploads\/2022\/06\/IMG_8817-768x1024.jpg\" data-width=\"3024\" src=\"https:\/\/i1.wp.com\/lodge1854.com\/wp-content\/uploads\/2022\/06\/IMG_8817-768x1024.jpg?ssl=1\" data-amp-layout=\"responsive\"\/><\/figure><\/div><\/div><div class=\"tiled-gallery__row\"><div class=\"tiled-gallery__col\" style=\"flex-basis:68.18227%\"><figure class=\"tiled-gallery__item\"><img decoding=\"async\" data-attachment-id=\"1295\" data-permalink=\"https:\/\/lodge1854.com\/de\/garden-outside\/dsc_8750\/\" data-orig-file=\"https:\/\/i0.wp.com\/lodge1854.com\/wp-content\/uploads\/2022\/04\/DSC_8750.jpg?fit=4928%2C3264&amp;ssl=1\" data-orig-size=\"4928,3264\" data-comments-opened=\"0\" data-image-meta=\"{&quot;aperture&quot;:&quot;11&quot;,&quot;credit&quot;:&quot;&quot;,&quot;camera&quot;:&quot;NIKON D5100&quot;,&quot;caption&quot;:&quot;&quot;,&quot;created_timestamp&quot;:&quot;1632053177&quot;,&quot;copyright&quot;:&quot;&quot;,&quot;focal_length&quot;:&quot;18&quot;,&quot;iso&quot;:&quot;140&quot;,&quot;shutter_speed&quot;:&quot;0.008&quot;,&quot;title&quot;:&quot;&quot;,&quot;orientation&quot;:&quot;1&quot;}\" data-image-title=\"\" data-image-description=\"\" data-image-caption=\"\" data-medium-file=\"https:\/\/i0.wp.com\/lodge1854.com\/wp-content\/uploads\/2022\/04\/DSC_8750.jpg?fit=300%2C199&amp;ssl=1\" data-large-file=\"https:\/\/i0.wp.com\/lodge1854.com\/wp-content\/uploads\/2022\/04\/DSC_8750.jpg?fit=760%2C503&amp;ssl=1\" role=\"button\" tabindex=\"0\" aria-label=\"Bild\u00a06 von 9 im Vollbildmodus \u00f6ffnen\" srcset=\"https:\/\/i1.wp.com\/lodge1854.com\/wp-content\/uploads\/2022\/04\/DSC_8750-1024x678.jpg?strip=info&#038;w=600&#038;ssl=1 600w,https:\/\/i1.wp.com\/lodge1854.com\/wp-content\/uploads\/2022\/04\/DSC_8750-1024x678.jpg?strip=info&#038;w=900&#038;ssl=1 900w,https:\/\/i1.wp.com\/lodge1854.com\/wp-content\/uploads\/2022\/04\/DSC_8750-1024x678.jpg?strip=info&#038;w=1200&#038;ssl=1 1200w,https:\/\/i1.wp.com\/lodge1854.com\/wp-content\/uploads\/2022\/04\/DSC_8750-1024x678.jpg?strip=info&#038;w=1500&#038;ssl=1 1500w,https:\/\/i1.wp.com\/lodge1854.com\/wp-content\/uploads\/2022\/04\/DSC_8750-1024x678.jpg?strip=info&#038;w=1800&#038;ssl=1 1800w,https:\/\/i1.wp.com\/lodge1854.com\/wp-content\/uploads\/2022\/04\/DSC_8750-1024x678.jpg?strip=info&#038;w=2000&#038;ssl=1 2000w\" alt=\"\" data-height=\"3264\" data-id=\"1295\" data-link=\"https:\/\/lodge1854com.wpcomstaging.com\/garden-outside\/dsc_8750\/\" data-url=\"https:\/\/lodge1854com.wpcomstaging.com\/wp-content\/uploads\/2022\/04\/DSC_8750-1024x678.jpg\" data-width=\"4928\" src=\"https:\/\/i1.wp.com\/lodge1854.com\/wp-content\/uploads\/2022\/04\/DSC_8750-1024x678.jpg?ssl=1\" data-amp-layout=\"responsive\"\/><\/figure><\/div><div class=\"tiled-gallery__col\" style=\"flex-basis:31.81773%\"><figure class=\"tiled-gallery__item\"><img decoding=\"async\" data-attachment-id=\"1293\" data-permalink=\"https:\/\/lodge1854.com\/de\/garden-outside\/dsc_8716\/\" data-orig-file=\"https:\/\/i0.wp.com\/lodge1854.com\/wp-content\/uploads\/2022\/04\/DSC_8716.jpg?fit=4928%2C3264&amp;ssl=1\" data-orig-size=\"4928,3264\" data-comments-opened=\"0\" data-image-meta=\"{&quot;aperture&quot;:&quot;7.1&quot;,&quot;credit&quot;:&quot;&quot;,&quot;camera&quot;:&quot;NIKON D5100&quot;,&quot;caption&quot;:&quot;&quot;,&quot;created_timestamp&quot;:&quot;1632049806&quot;,&quot;copyright&quot;:&quot;&quot;,&quot;focal_length&quot;:&quot;18&quot;,&quot;iso&quot;:&quot;100&quot;,&quot;shutter_speed&quot;:&quot;0.005&quot;,&quot;title&quot;:&quot;&quot;,&quot;orientation&quot;:&quot;1&quot;}\" data-image-title=\"\" data-image-description=\"\" data-image-caption=\"\" data-medium-file=\"https:\/\/i0.wp.com\/lodge1854.com\/wp-content\/uploads\/2022\/04\/DSC_8716.jpg?fit=300%2C199&amp;ssl=1\" data-large-file=\"https:\/\/i0.wp.com\/lodge1854.com\/wp-content\/uploads\/2022\/04\/DSC_8716.jpg?fit=760%2C503&amp;ssl=1\" role=\"button\" tabindex=\"0\" aria-label=\"Bild\u00a07 von 9 im Vollbildmodus \u00f6ffnen\" srcset=\"https:\/\/i0.wp.com\/lodge1854.com\/wp-content\/uploads\/2022\/04\/DSC_8716-1024x678.jpg?strip=info&#038;w=600&#038;ssl=1 600w,https:\/\/i0.wp.com\/lodge1854.com\/wp-content\/uploads\/2022\/04\/DSC_8716-1024x678.jpg?strip=info&#038;w=900&#038;ssl=1 900w,https:\/\/i0.wp.com\/lodge1854.com\/wp-content\/uploads\/2022\/04\/DSC_8716-1024x678.jpg?strip=info&#038;w=1200&#038;ssl=1 1200w,https:\/\/i0.wp.com\/lodge1854.com\/wp-content\/uploads\/2022\/04\/DSC_8716-1024x678.jpg?strip=info&#038;w=1500&#038;ssl=1 1500w,https:\/\/i0.wp.com\/lodge1854.com\/wp-content\/uploads\/2022\/04\/DSC_8716-1024x678.jpg?strip=info&#038;w=1800&#038;ssl=1 1800w,https:\/\/i0.wp.com\/lodge1854.com\/wp-content\/uploads\/2022\/04\/DSC_8716-1024x678.jpg?strip=info&#038;w=2000&#038;ssl=1 2000w\" alt=\"\" data-height=\"3264\" data-id=\"1293\" data-link=\"https:\/\/lodge1854com.wpcomstaging.com\/garden-outside\/dsc_8716\/\" data-url=\"https:\/\/lodge1854com.wpcomstaging.com\/wp-content\/uploads\/2022\/04\/DSC_8716-1024x678.jpg\" data-width=\"4928\" src=\"https:\/\/i0.wp.com\/lodge1854.com\/wp-content\/uploads\/2022\/04\/DSC_8716-1024x678.jpg?ssl=1\" data-amp-layout=\"responsive\"\/><\/figure><figure class=\"tiled-gallery__item\"><img decoding=\"async\" data-attachment-id=\"1760\" data-permalink=\"https:\/\/lodge1854.com\/de\/garden-outside\/ja-6\/\" data-orig-file=\"https:\/\/i0.wp.com\/lodge1854.com\/wp-content\/uploads\/2023\/06\/ja-3.jpg?fit=4032%2C3024&amp;ssl=1\" data-orig-size=\"4032,3024\" data-comments-opened=\"0\" data-image-meta=\"{&quot;aperture&quot;:&quot;2.2&quot;,&quot;credit&quot;:&quot;&quot;,&quot;camera&quot;:&quot;iPhone 14 Pro Max&quot;,&quot;caption&quot;:&quot;&quot;,&quot;created_timestamp&quot;:&quot;1686897952&quot;,&quot;copyright&quot;:&quot;&quot;,&quot;focal_length&quot;:&quot;2.22&quot;,&quot;iso&quot;:&quot;50&quot;,&quot;shutter_speed&quot;:&quot;0.0003030303030303&quot;,&quot;title&quot;:&quot;&quot;,&quot;orientation&quot;:&quot;1&quot;}\" data-image-title=\"\" data-image-description=\"\" data-image-caption=\"\" data-medium-file=\"https:\/\/i0.wp.com\/lodge1854.com\/wp-content\/uploads\/2023\/06\/ja-3.jpg?fit=300%2C225&amp;ssl=1\" data-large-file=\"https:\/\/i0.wp.com\/lodge1854.com\/wp-content\/uploads\/2023\/06\/ja-3.jpg?fit=760%2C570&amp;ssl=1\" role=\"button\" tabindex=\"0\" aria-label=\"Bild\u00a08 von 9 im Vollbildmodus \u00f6ffnen\" srcset=\"https:\/\/i0.wp.com\/lodge1854.com\/wp-content\/uploads\/2023\/06\/ja-3-1024x768.jpg?strip=info&#038;w=600&#038;ssl=1 600w,https:\/\/i0.wp.com\/lodge1854.com\/wp-content\/uploads\/2023\/06\/ja-3-1024x768.jpg?strip=info&#038;w=900&#038;ssl=1 900w,https:\/\/i0.wp.com\/lodge1854.com\/wp-content\/uploads\/2023\/06\/ja-3-1024x768.jpg?strip=info&#038;w=1200&#038;ssl=1 1200w,https:\/\/i0.wp.com\/lodge1854.com\/wp-content\/uploads\/2023\/06\/ja-3-1024x768.jpg?strip=info&#038;w=1500&#038;ssl=1 1500w,https:\/\/i0.wp.com\/lodge1854.com\/wp-content\/uploads\/2023\/06\/ja-3-1024x768.jpg?strip=info&#038;w=1800&#038;ssl=1 1800w,https:\/\/i0.wp.com\/lodge1854.com\/wp-content\/uploads\/2023\/06\/ja-3-1024x768.jpg?strip=info&#038;w=2000&#038;ssl=1 2000w\" alt=\"\" data-height=\"3024\" data-id=\"1760\" data-link=\"https:\/\/lodge1854com.wpcomstaging.com\/garden-outside\/ja-6\/\" data-url=\"https:\/\/lodge1854com.wpcomstaging.com\/wp-content\/uploads\/2023\/06\/ja-3-1024x768.jpg\" data-width=\"4032\" src=\"https:\/\/i0.wp.com\/lodge1854.com\/wp-content\/uploads\/2023\/06\/ja-3-1024x768.jpg?ssl=1\" data-amp-layout=\"responsive\"\/><\/figure><\/div><\/div><div class=\"tiled-gallery__row\"><div class=\"tiled-gallery__col\" style=\"flex-basis:100.00000%\"><figure class=\"tiled-gallery__item\"><img decoding=\"async\" data-attachment-id=\"1818\" data-permalink=\"https:\/\/lodge1854.com\/de\/garden-outside\/whatsapp-image-2023-07-12-at-13-16-08\/\" data-orig-file=\"https:\/\/i0.wp.com\/lodge1854.com\/wp-content\/uploads\/2024\/05\/WhatsApp-Image-2023-07-12-at-13.16.08.jpeg?fit=2000%2C924&amp;ssl=1\" data-orig-size=\"2000,924\" data-comments-opened=\"0\" data-image-meta=\"{&quot;aperture&quot;:&quot;0&quot;,&quot;credit&quot;:&quot;&quot;,&quot;camera&quot;:&quot;&quot;,&quot;caption&quot;:&quot;&quot;,&quot;created_timestamp&quot;:&quot;0&quot;,&quot;copyright&quot;:&quot;&quot;,&quot;focal_length&quot;:&quot;0&quot;,&quot;iso&quot;:&quot;0&quot;,&quot;shutter_speed&quot;:&quot;0&quot;,&quot;title&quot;:&quot;&quot;,&quot;orientation&quot;:&quot;1&quot;}\" data-image-title=\"WhatsApp-Image-2023-07-12-at-13.16.08\" data-image-description=\"\" data-image-caption=\"\" data-medium-file=\"https:\/\/i0.wp.com\/lodge1854.com\/wp-content\/uploads\/2024\/05\/WhatsApp-Image-2023-07-12-at-13.16.08.jpeg?fit=300%2C139&amp;ssl=1\" data-large-file=\"https:\/\/i0.wp.com\/lodge1854.com\/wp-content\/uploads\/2024\/05\/WhatsApp-Image-2023-07-12-at-13.16.08.jpeg?fit=760%2C351&amp;ssl=1\" role=\"button\" tabindex=\"0\" aria-label=\"Bild\u00a09 von 9 im Vollbildmodus \u00f6ffnen\" srcset=\"https:\/\/i0.wp.com\/lodge1854.com\/wp-content\/uploads\/2024\/05\/WhatsApp-Image-2023-07-12-at-13.16.08-1024x473.jpeg?strip=info&#038;w=600&#038;ssl=1 600w,https:\/\/i0.wp.com\/lodge1854.com\/wp-content\/uploads\/2024\/05\/WhatsApp-Image-2023-07-12-at-13.16.08-1024x473.jpeg?strip=info&#038;w=900&#038;ssl=1 900w,https:\/\/i0.wp.com\/lodge1854.com\/wp-content\/uploads\/2024\/05\/WhatsApp-Image-2023-07-12-at-13.16.08-1024x473.jpeg?strip=info&#038;w=1200&#038;ssl=1 1200w,https:\/\/i0.wp.com\/lodge1854.com\/wp-content\/uploads\/2024\/05\/WhatsApp-Image-2023-07-12-at-13.16.08-1024x473.jpeg?strip=info&#038;w=1500&#038;ssl=1 1500w,https:\/\/i0.wp.com\/lodge1854.com\/wp-content\/uploads\/2024\/05\/WhatsApp-Image-2023-07-12-at-13.16.08-1024x473.jpeg?strip=info&#038;w=1800&#038;ssl=1 1800w,https:\/\/i0.wp.com\/lodge1854.com\/wp-content\/uploads\/2024\/05\/WhatsApp-Image-2023-07-12-at-13.16.08-1024x473.jpeg?strip=info&#038;w=2000&#038;ssl=1 2000w\" alt=\"\" data-height=\"924\" data-id=\"1818\" data-link=\"https:\/\/lodge1854com.wpcomstaging.com\/garden-outside\/whatsapp-image-2023-07-12-at-13-16-08\/\" data-url=\"https:\/\/lodge1854com.wpcomstaging.com\/wp-content\/uploads\/2024\/05\/WhatsApp-Image-2023-07-12-at-13.16.08-1024x473.jpeg\" data-width=\"2000\" src=\"https:\/\/i0.wp.com\/lodge1854.com\/wp-content\/uploads\/2024\/05\/WhatsApp-Image-2023-07-12-at-13.16.08-1024x473.jpeg?ssl=1\" data-amp-layout=\"responsive\"\/><\/figure><\/div><\/div><\/div><\/div><\/div>","protected":false},"excerpt":{"rendered":"<p>Outside the Lodge there is a large garden that lends itself to all kinds of possibilities. There are a number of different seating areas to relax or you can cool off on a hot summer day in the Kyll which is located right next to the Lodge. If you prefer not to, there is a 7.5 meter pool in the garden with fresh clear &hellip; <a href=\"https:\/\/lodge1854.com\/de\/garden-outside\/\" class=\"read-more\">Read More <span class=\"screen-reader-text\">Garten &amp; Drau\u00dfen<\/span><\/a><\/p>","protected":false},"author":199546319,"featured_media":0,"parent":0,"menu_order":0,"comment_status":"closed","ping_status":"closed","template":"","meta":{"_coblocks_attr":"","_coblocks_dimensions":"","_coblocks_responsive_height":"","_coblocks_accordion_ie_support":"","_crdt_document":"","_monsterinsights_skip_tracking":false,"_monsterinsights_sitenote_active":false,"_monsterinsights_sitenote_note":"","_monsterinsights_sitenote_category":0,"footnotes":""},"class_list":["post-34","page","type-page","status-publish","hentry"],"aioseo_notices":[],"jetpack_likes_enabled":true,"jetpack_sharing_enabled":true,"jetpack_shortlink":"https:\/\/wp.me\/PcI7uO-y","_links":{"self":[{"href":"https:\/\/lodge1854.com\/de\/wp-json\/wp\/v2\/pages\/34","targetHints":{"allow":["GET"]}}],"collection":[{"href":"https:\/\/lodge1854.com\/de\/wp-json\/wp\/v2\/pages"}],"about":[{"href":"https:\/\/lodge1854.com\/de\/wp-json\/wp\/v2\/types\/page"}],"author":[{"embeddable":true,"href":"https:\/\/lodge1854.com\/de\/wp-json\/wp\/v2\/users\/199546319"}],"replies":[{"embeddable":true,"href":"https:\/\/lodge1854.com\/de\/wp-json\/wp\/v2\/comments?post=34"}],"version-history":[{"count":50,"href":"https:\/\/lodge1854.com\/de\/wp-json\/wp\/v2\/pages\/34\/revisions"}],"predecessor-version":[{"id":1819,"href":"https:\/\/lodge1854.com\/de\/wp-json\/wp\/v2\/pages\/34\/revisions\/1819"}],"wp:attachment":[{"href":"https:\/\/lodge1854.com\/de\/wp-json\/wp\/v2\/media?parent=34"}],"curies":[{"name":"wp","href":"https:\/\/api.w.org\/{rel}","templated":true}]}}